{"id":1570,"date":"2024-09-19T20:51:13","date_gmt":"2024-09-19T20:51:13","guid":{"rendered":"https:\/\/grandsurface.com\/product\/hydro-sp-anti-graffiti-impraegnierung-30-liter\/"},"modified":"2025-10-10T12:45:10","modified_gmt":"2025-10-10T10:45:10","slug":"hydro-sp-anti-graffiti-impraegnierung-30-liter","status":"publish","type":"product","link":"https:\/\/grandsurface.com\/de\/produkt\/hydro-sp-anti-graffiti-impraegnierung-30-liter\/","title":{"rendered":"Hydro SP Anti-Graffiti Impr\u00e4gnierung &#8211; 30 Liter"},"content":{"rendered":"<p>Hydro SP Anti-Graffiti Impr\u00e4gnierung wurde f\u00fcr den Schutz aller Arten von mineralischen Untergr\u00fcnden entwickelt. Diese w\u00e4ssrige Impr\u00e4gnierung wird einfach auf Untergr\u00fcnde wie Kalksandstein, Putz, Backstein und Beton, aber auch auf Naturstein wie Marmor und Granit aufgetragen. Und was halten Sie von Denkm\u00e4lern und Gedenksteinen?<br \/>\nDurch die Bildung einer Trennschicht wird das Eindringen von Farbe und Farbpigmenten verhindert. Die Impr\u00e4gnierung kann zusammen mit angebrachter Graffiti schnell und einfach mittels Warmwasser-Hochdruckreinigung mit sehr niedrigem Druck entfernt werden! Dar\u00fcber hinaus wird der Untergrund durch das Aufbringen von Hydro SP wasser- und schmutzabweisend! Auch sch\u00e4dliche Stoffe haben keine Chance mehr, in den Untergrund einzudringen.   <\/p>\n<p>Verbrauch: 10 Liter f\u00fcr ca. 30-60 m\u00b2.<\/p>\n","protected":false},"excerpt":{"rendered":"<div class=\"woocommerce-product-details__short-description\">\n<p>Sch\u00fctzt alle Arten von mineralischen Untergr\u00fcnden, macht sie wasser- und schmutzabweisend.<\/p>\n<\/div>\n","protected":false},"featured_media":1571,"template":"","meta":{"_eb_attr":""},"product_brand":[],"product_cat":[195,243,190,225,189,203,193,188],"product_tag":[],"class_list":{"0":"post-1570","1":"product","2":"type-product","3":"status-publish","4":"has-post-thumbnail","6":"product_cat-alle-produkte","7":"product_cat-anti-graffiti-beschichtungen","8":"product_cat-bauwesen","9":"product_cat-graffiti-entferner-graffiti-entfernung-anti-graffiti","10":"product_cat-offentlicher-sektor","11":"product_cat-privat","12":"product_cat-reinigung","13":"product_cat-yacht-und-schiffbau","15":"first","16":"instock","17":"taxable","18":"shipping-taxable","19":"purchasable","20":"product-type-simple"},"yoast_head":"<!-- This site is optimized with the Yoast SEO plugin v27.5 - https:\/\/yoast.com\/product\/yoast-seo-wordpress\/ -->\n<title>Hydro SP Anti-Graffiti Impr\u00e4gnierung - 30 Liter - Grand Surface<\/title>\n<meta name=\"robots\" content=\"index, follow, max-snippet:-1, max-image-preview:large, max-video-preview:-1\" \/>\n<link rel=\"canonical\" href=\"https:\/\/grandsurface.com\/de\/produkt\/hydro-sp-anti-graffiti-impraegnierung-30-liter\/\" \/>\n<meta property=\"og:locale\" content=\"de_DE\" \/>\n<meta property=\"og:type\" content=\"article\" \/>\n<meta property=\"og:title\" content=\"Hydro SP Anti-Graffiti Impr\u00e4gnierung - 30 Liter - Grand Surface\" \/>\n<meta property=\"og:description\" content=\"Sch\u00fctzt alle Arten von mineralischen Untergr\u00fcnden, macht sie wasser- und schmutzabweisend.\" \/>\n<meta property=\"og:url\" content=\"https:\/\/grandsurface.com\/de\/produkt\/hydro-sp-anti-graffiti-impraegnierung-30-liter\/\" \/>\n<meta property=\"og:site_name\" content=\"Grand Surface\" \/>\n<meta property=\"article:modified_time\" content=\"2025-10-10T10:45:10+00:00\" \/>\n<meta property=\"og:image\" content=\"https:\/\/grandsurface.com\/wp-content\/uploads\/2024\/09\/GR0201-0030-Gratch-Hydro-SP.jpg\" \/>\n\t<meta property=\"og:image:width\" content=\"1200\" \/>\n\t<meta property=\"og:image:height\" content=\"1200\" \/>\n\t<meta property=\"og:image:type\" content=\"image\/jpeg\" \/>\n<meta name=\"twitter:card\" content=\"summary_large_image\" \/>\n<meta name=\"twitter:label1\" content=\"Gesch\u00e4tzte Lesezeit\" \/>\n\t<meta name=\"twitter:data1\" content=\"1\u00a0Minute\" \/>\n<script type=\"application\/ld+json\" class=\"yoast-schema-graph\">{\"@context\":\"https:\\\/\\\/schema.org\",\"@graph\":[{\"@type\":\"WebPage\",\"@id\":\"https:\\\/\\\/grandsurface.com\\\/de\\\/produkt\\\/hydro-sp-anti-graffiti-impraegnierung-30-liter\\\/\",\"url\":\"https:\\\/\\\/grandsurface.com\\\/de\\\/produkt\\\/hydro-sp-anti-graffiti-impraegnierung-30-liter\\\/\",\"name\":\"Hydro SP Anti-Graffiti Impr\u00e4gnierung - 30 Liter - Grand Surface\",\"isPartOf\":{\"@id\":\"https:\\\/\\\/grandsurface.com\\\/de\\\/#website\"},\"primaryImageOfPage\":{\"@id\":\"https:\\\/\\\/grandsurface.com\\\/de\\\/produkt\\\/hydro-sp-anti-graffiti-impraegnierung-30-liter\\\/#primaryimage\"},\"image\":{\"@id\":\"https:\\\/\\\/grandsurface.com\\\/de\\\/produkt\\\/hydro-sp-anti-graffiti-impraegnierung-30-liter\\\/#primaryimage\"},\"thumbnailUrl\":\"https:\\\/\\\/grandsurface.com\\\/wp-content\\\/uploads\\\/2024\\\/09\\\/GR0201-0030-Gratch-Hydro-SP.jpg\",\"datePublished\":\"2024-09-19T20:51:13+00:00\",\"dateModified\":\"2025-10-10T10:45:10+00:00\",\"breadcrumb\":{\"@id\":\"https:\\\/\\\/grandsurface.com\\\/de\\\/produkt\\\/hydro-sp-anti-graffiti-impraegnierung-30-liter\\\/#breadcrumb\"},\"inLanguage\":\"de\",\"potentialAction\":[{\"@type\":\"ReadAction\",\"target\":[\"https:\\\/\\\/grandsurface.com\\\/de\\\/produkt\\\/hydro-sp-anti-graffiti-impraegnierung-30-liter\\\/\"]}]},{\"@type\":\"ImageObject\",\"inLanguage\":\"de\",\"@id\":\"https:\\\/\\\/grandsurface.com\\\/de\\\/produkt\\\/hydro-sp-anti-graffiti-impraegnierung-30-liter\\\/#primaryimage\",\"url\":\"https:\\\/\\\/grandsurface.com\\\/wp-content\\\/uploads\\\/2024\\\/09\\\/GR0201-0030-Gratch-Hydro-SP.jpg\",\"contentUrl\":\"https:\\\/\\\/grandsurface.com\\\/wp-content\\\/uploads\\\/2024\\\/09\\\/GR0201-0030-Gratch-Hydro-SP.jpg\",\"width\":1200,\"height\":1200},{\"@type\":\"BreadcrumbList\",\"@id\":\"https:\\\/\\\/grandsurface.com\\\/de\\\/produkt\\\/hydro-sp-anti-graffiti-impraegnierung-30-liter\\\/#breadcrumb\",\"itemListElement\":[{\"@type\":\"ListItem\",\"position\":1,\"name\":\"Home\",\"item\":\"https:\\\/\\\/grandsurface.com\\\/de\\\/\"},{\"@type\":\"ListItem\",\"position\":2,\"name\":\"Shop\",\"item\":\"https:\\\/\\\/grandsurface.com\\\/de\\\/shop\\\/\"},{\"@type\":\"ListItem\",\"position\":3,\"name\":\"Hydro SP Anti-Graffiti Impr\u00e4gnierung &#8211; 30 Liter\"}]},{\"@type\":\"WebSite\",\"@id\":\"https:\\\/\\\/grandsurface.com\\\/de\\\/#website\",\"url\":\"https:\\\/\\\/grandsurface.com\\\/de\\\/\",\"name\":\"Grand Surface\",\"description\":\"\",\"potentialAction\":[{\"@type\":\"SearchAction\",\"target\":{\"@type\":\"EntryPoint\",\"urlTemplate\":\"https:\\\/\\\/grandsurface.com\\\/de\\\/?s={search_term_string}\"},\"query-input\":{\"@type\":\"PropertyValueSpecification\",\"valueRequired\":true,\"valueName\":\"search_term_string\"}}],\"inLanguage\":\"de\"}]}<\/script>\n<!-- \/ Yoast SEO plugin. -->","yoast_head_json":{"title":"Hydro SP Anti-Graffiti Impr\u00e4gnierung - 30 Liter - Grand Surface","robots":{"index":"index","follow":"follow","max-snippet":"max-snippet:-1","max-image-preview":"max-image-preview:large","max-video-preview":"max-video-preview:-1"},"canonical":"https:\/\/grandsurface.com\/de\/produkt\/hydro-sp-anti-graffiti-impraegnierung-30-liter\/","og_locale":"de_DE","og_type":"article","og_title":"Hydro SP Anti-Graffiti Impr\u00e4gnierung - 30 Liter - Grand Surface","og_description":"Sch\u00fctzt alle Arten von mineralischen Untergr\u00fcnden, macht sie wasser- und schmutzabweisend.","og_url":"https:\/\/grandsurface.com\/de\/produkt\/hydro-sp-anti-graffiti-impraegnierung-30-liter\/","og_site_name":"Grand Surface","article_modified_time":"2025-10-10T10:45:10+00:00","og_image":[{"width":1200,"height":1200,"url":"https:\/\/grandsurface.com\/wp-content\/uploads\/2024\/09\/GR0201-0030-Gratch-Hydro-SP.jpg","type":"image\/jpeg"}],"twitter_card":"summary_large_image","twitter_misc":{"Gesch\u00e4tzte Lesezeit":"1\u00a0Minute"},"schema":{"@context":"https:\/\/schema.org","@graph":[{"@type":"WebPage","@id":"https:\/\/grandsurface.com\/de\/produkt\/hydro-sp-anti-graffiti-impraegnierung-30-liter\/","url":"https:\/\/grandsurface.com\/de\/produkt\/hydro-sp-anti-graffiti-impraegnierung-30-liter\/","name":"Hydro SP Anti-Graffiti Impr\u00e4gnierung - 30 Liter - Grand Surface","isPartOf":{"@id":"https:\/\/grandsurface.com\/de\/#website"},"primaryImageOfPage":{"@id":"https:\/\/grandsurface.com\/de\/produkt\/hydro-sp-anti-graffiti-impraegnierung-30-liter\/#primaryimage"},"image":{"@id":"https:\/\/grandsurface.com\/de\/produkt\/hydro-sp-anti-graffiti-impraegnierung-30-liter\/#primaryimage"},"thumbnailUrl":"https:\/\/grandsurface.com\/wp-content\/uploads\/2024\/09\/GR0201-0030-Gratch-Hydro-SP.jpg","datePublished":"2024-09-19T20:51:13+00:00","dateModified":"2025-10-10T10:45:10+00:00","breadcrumb":{"@id":"https:\/\/grandsurface.com\/de\/produkt\/hydro-sp-anti-graffiti-impraegnierung-30-liter\/#breadcrumb"},"inLanguage":"de","potentialAction":[{"@type":"ReadAction","target":["https:\/\/grandsurface.com\/de\/produkt\/hydro-sp-anti-graffiti-impraegnierung-30-liter\/"]}]},{"@type":"ImageObject","inLanguage":"de","@id":"https:\/\/grandsurface.com\/de\/produkt\/hydro-sp-anti-graffiti-impraegnierung-30-liter\/#primaryimage","url":"https:\/\/grandsurface.com\/wp-content\/uploads\/2024\/09\/GR0201-0030-Gratch-Hydro-SP.jpg","contentUrl":"https:\/\/grandsurface.com\/wp-content\/uploads\/2024\/09\/GR0201-0030-Gratch-Hydro-SP.jpg","width":1200,"height":1200},{"@type":"BreadcrumbList","@id":"https:\/\/grandsurface.com\/de\/produkt\/hydro-sp-anti-graffiti-impraegnierung-30-liter\/#breadcrumb","itemListElement":[{"@type":"ListItem","position":1,"name":"Home","item":"https:\/\/grandsurface.com\/de\/"},{"@type":"ListItem","position":2,"name":"Shop","item":"https:\/\/grandsurface.com\/de\/shop\/"},{"@type":"ListItem","position":3,"name":"Hydro SP Anti-Graffiti Impr\u00e4gnierung &#8211; 30 Liter"}]},{"@type":"WebSite","@id":"https:\/\/grandsurface.com\/de\/#website","url":"https:\/\/grandsurface.com\/de\/","name":"Grand Surface","description":"","potentialAction":[{"@type":"SearchAction","target":{"@type":"EntryPoint","urlTemplate":"https:\/\/grandsurface.com\/de\/?s={search_term_string}"},"query-input":{"@type":"PropertyValueSpecification","valueRequired":true,"valueName":"search_term_string"}}],"inLanguage":"de"}]}},"jetpack_sharing_enabled":true,"_links":{"self":[{"href":"https:\/\/grandsurface.com\/de\/wp-json\/wp\/v2\/product\/1570","targetHints":{"allow":["GET"]}}],"collection":[{"href":"https:\/\/grandsurface.com\/de\/wp-json\/wp\/v2\/product"}],"about":[{"href":"https:\/\/grandsurface.com\/de\/wp-json\/wp\/v2\/types\/product"}],"wp:featuredmedia":[{"embeddable":true,"href":"https:\/\/grandsurface.com\/de\/wp-json\/wp\/v2\/media\/1571"}],"wp:attachment":[{"href":"https:\/\/grandsurface.com\/de\/wp-json\/wp\/v2\/media?parent=1570"}],"wp:term":[{"taxonomy":"product_brand","embeddable":true,"href":"https:\/\/grandsurface.com\/de\/wp-json\/wp\/v2\/product_brand?post=1570"},{"taxonomy":"product_cat","embeddable":true,"href":"https:\/\/grandsurface.com\/de\/wp-json\/wp\/v2\/product_cat?post=1570"},{"taxonomy":"product_tag","embeddable":true,"href":"https:\/\/grandsurface.com\/de\/wp-json\/wp\/v2\/product_tag?post=1570"}],"curies":[{"name":"wp","href":"https:\/\/api.w.org\/{rel}","templated":true}]}}